{"id":2914,"date":"2025-08-25T21:10:21","date_gmt":"2025-08-25T21:10:21","guid":{"rendered":"https:\/\/elgaragehub.com\/cursos\/?post_type=product&#038;p=2914"},"modified":"2025-11-29T09:08:56","modified_gmt":"2025-11-29T09:08:56","slug":"como-convertirse-en-streamer","status":"publish","type":"product","link":"https:\/\/elgaragehub.com\/cursos\/producto\/como-convertirse-en-streamer\/","title":{"rendered":"C\u00f3mo convertirse en streamer"},"content":{"rendered":"<div class=\"et-l et-l--post\">\n\t\t\t<div class=\"et_builder_inner_content et_pb_gutters3\">\n\t\t\n\t\t<\/div><!-- .et_builder_inner_content -->\n\t<\/div><!-- .et-l -->\n\t","protected":false},"excerpt":{"rendered":"<p><strong>Duraci\u00f3n<\/strong><\/p>\n<p>16 semanas<\/p>\n<p><strong>Horario<\/strong><\/p>\n<p><span style=\"font-weight: 400;\">Viernes\u00a0 de <\/span><span style=\"font-weight: 400;\">5:30 a 8:30 p.m.<\/span><\/p>\n<p><span style=\"font-weight: 400;\">En este taller los ni\u00f1os descubrir\u00e1n el mundo del streaming de forma divertida y segura. Aprender\u00e1n las bases para crear su propio canal, t\u00e9cnicas para hablar frente a la c\u00e1mara, configurar herramientas b\u00e1sicas y generar contenido creativo, desarrollando confianza, comunicaci\u00f3n y trabajo en equipo mientras se divierten compartiendo sus ideas.<\/span><\/p>\n","protected":false},"featured_media":2917,"comment_status":"open","ping_status":"closed","template":"","meta":{"_et_pb_use_builder":"","_et_pb_old_content":"","_et_gb_content_width":"","spay_email":""},"_links":{"self":[{"href":"https:\/\/elgaragehub.com\/cursos\/wp-json\/wp\/v2\/product\/2914"}],"collection":[{"href":"https:\/\/elgaragehub.com\/cursos\/wp-json\/wp\/v2\/product"}],"about":[{"href":"https:\/\/elgaragehub.com\/cursos\/wp-json\/wp\/v2\/types\/product"}],"replies":[{"embeddable":true,"href":"https:\/\/elgaragehub.com\/cursos\/wp-json\/wp\/v2\/comments?post=2914"}],"wp:featuredmedia":[{"embeddable":true,"href":"https:\/\/elgaragehub.com\/cursos\/wp-json\/wp\/v2\/media\/2917"}],"wp:attachment":[{"href":"https:\/\/elgaragehub.com\/cursos\/wp-json\/wp\/v2\/media?parent=2914"}],"curies":[{"name":"wp","href":"https:\/\/api.w.org\/{rel}","templated":true}]}}