{"id":2909,"date":"2025-08-25T21:08:22","date_gmt":"2025-08-25T21:08:22","guid":{"rendered":"https:\/\/elgaragehub.com\/cursos\/?post_type=product&#038;p=2909"},"modified":"2025-12-19T00:53:56","modified_gmt":"2025-12-19T00:53:56","slug":"dibujo-y-modelado-3d","status":"publish","type":"product","link":"https:\/\/elgaragehub.com\/cursos\/producto\/dibujo-y-modelado-3d\/","title":{"rendered":"Dibujo y modelado 3D"},"content":{"rendered":"<div class=\"et-l et-l--post\">\n\t\t\t<div class=\"et_builder_inner_content et_pb_gutters3\">\n\t\t<p><strong>Duraci\u00f3n<\/strong><\/p>\n<p>16 semanas<\/p>\n<p><strong>Horario<\/strong><\/p>\n<p><span style=\"font-weight: 400;\">Martes y jueves<\/span><\/p>\n<p><span style=\"font-size: large;\">6:00 pm a 7:30 p.m.<\/span><\/p>\n<p><span style=\"font-weight: 400;\">Este taller est\u00e1 enfocado en ense\u00f1ar los principios b\u00e1sicos del dibujo, modelado 3D y animaci\u00f3n para principiantes. Los ni\u00f1os aprender\u00e1n habilidades para crear personajes, objetos y escenarios. Una experiencia divertida que combina arte, creatividad y tecnolog\u00eda desde cero.<\/span><\/p>\n\n\t\t<\/div><!-- .et_builder_inner_content -->\n\t<\/div><!-- .et-l -->\n\t","protected":false},"excerpt":{"rendered":"<p>Duraci\u00f3n 16 semanas Horario Martes y jueves 6:00 pm a 7:30 p.m. Este taller est\u00e1 enfocado en ense\u00f1ar los principios&#8230;<\/p>\n","protected":false},"featured_media":2912,"comment_status":"open","ping_status":"closed","template":"","meta":{"_et_pb_use_builder":"","_et_pb_old_content":"","_et_gb_content_width":"","spay_email":""},"_links":{"self":[{"href":"https:\/\/elgaragehub.com\/cursos\/wp-json\/wp\/v2\/product\/2909"}],"collection":[{"href":"https:\/\/elgaragehub.com\/cursos\/wp-json\/wp\/v2\/product"}],"about":[{"href":"https:\/\/elgaragehub.com\/cursos\/wp-json\/wp\/v2\/types\/product"}],"replies":[{"embeddable":true,"href":"https:\/\/elgaragehub.com\/cursos\/wp-json\/wp\/v2\/comments?post=2909"}],"wp:featuredmedia":[{"embeddable":true,"href":"https:\/\/elgaragehub.com\/cursos\/wp-json\/wp\/v2\/media\/2912"}],"wp:attachment":[{"href":"https:\/\/elgaragehub.com\/cursos\/wp-json\/wp\/v2\/media?parent=2909"}],"curies":[{"name":"wp","href":"https:\/\/api.w.org\/{rel}","templated":true}]}}