{"id":2140,"date":"2023-09-08T20:56:46","date_gmt":"2023-09-08T20:56:46","guid":{"rendered":"https:\/\/elgaragehub.com\/cursos\/?post_type=product&#038;p=2140"},"modified":"2025-08-25T21:30:54","modified_gmt":"2025-08-25T21:30:54","slug":"cursos-extracurriculares-stem-felix","status":"publish","type":"product","link":"https:\/\/elgaragehub.com\/cursos\/producto\/cursos-extracurriculares-stem-felix\/","title":{"rendered":"Cursos Extracurriculares STEM 2025"},"content":{"rendered":"<div class=\"et-l et-l--post\">\n\t\t\t<div class=\"et_builder_inner_content et_pb_gutters3\">\n\t\t\n\t\t<\/div><!-- .et_builder_inner_content -->\n\t<\/div><!-- .et-l -->\n\t","protected":false},"excerpt":{"rendered":"<p><strong>Horario: <\/strong><span style=\"font-weight: 400;\"><br \/>\n<\/span><span style=\"font-weight: 400;\">Primaria baja (1ero y 2do ): lunes y mi\u00e9rcoles de 2:30 a 4:30 pm<\/span><span style=\"font-weight: 400;\"><br \/>\n<\/span><span style=\"font-weight: 400;\">Primaria alta (3ro, 4to, 5to y 6to): martes y jueves de 2:30 a 4:30 pm<\/span><\/p>\n<p><strong>Duraci\u00f3n:<br \/>\n<\/strong><span style=\"font-weight: 400;\">Septiembre a diciembre de 2025<\/span><\/p>\n<p><span style=\"font-weight: 400;\">Un curso donde tendr\u00e1n la oportunidad de explorar y experimentar con diferentes \u00e1reas del STEM, tales como maker lab, programaci\u00f3n y rob\u00f3tica. As\u00ed tambi\u00e9n sus habilidades socio-formativas como lo son la comunicaci\u00f3n, resoluci\u00f3n de problemas, pensamiento cr\u00edtico, colaboraci\u00f3n y m\u00e1s. Dando como resultado un programa integral con propuestas y prototipos conceptuales de alto impacto, creativos, din\u00e1micos y socialmente responsables.<\/span><\/p>\n","protected":false},"featured_media":2143,"comment_status":"open","ping_status":"closed","template":"","meta":{"_et_pb_use_builder":"","_et_pb_old_content":"","_et_gb_content_width":"","spay_email":""},"_links":{"self":[{"href":"https:\/\/elgaragehub.com\/cursos\/wp-json\/wp\/v2\/product\/2140"}],"collection":[{"href":"https:\/\/elgaragehub.com\/cursos\/wp-json\/wp\/v2\/product"}],"about":[{"href":"https:\/\/elgaragehub.com\/cursos\/wp-json\/wp\/v2\/types\/product"}],"replies":[{"embeddable":true,"href":"https:\/\/elgaragehub.com\/cursos\/wp-json\/wp\/v2\/comments?post=2140"}],"wp:featuredmedia":[{"embeddable":true,"href":"https:\/\/elgaragehub.com\/cursos\/wp-json\/wp\/v2\/media\/2143"}],"wp:attachment":[{"href":"https:\/\/elgaragehub.com\/cursos\/wp-json\/wp\/v2\/media?parent=2140"}],"curies":[{"name":"wp","href":"https:\/\/api.w.org\/{rel}","templated":true}]}}