{"id":1787,"date":"2022-08-22T20:02:13","date_gmt":"2022-08-22T20:02:13","guid":{"rendered":"https:\/\/elgaragehub.com\/cursos\/?post_type=product&#038;p=1787"},"modified":"2025-10-01T18:50:23","modified_gmt":"2025-10-01T18:50:23","slug":"robotica","status":"publish","type":"product","link":"https:\/\/elgaragehub.com\/cursos\/producto\/robotica\/","title":{"rendered":"Rob\u00f3tica y programaci\u00f3n"},"content":{"rendered":"<div class=\"et-l et-l--post\">\n\t\t\t<div class=\"et_builder_inner_content et_pb_gutters3\">\n\t\t\n\t\t<\/div><!-- .et_builder_inner_content -->\n\t<\/div><!-- .et-l -->\n\t","protected":false},"excerpt":{"rendered":"<p><strong>Duraci\u00f3n<\/strong><br \/>\n16 semanas<\/p>\n<p><span style=\"font-weight: 400;\">En este taller de rob\u00f3tica y programaci\u00f3n para nivel b\u00e1sico y avanzado, los ni\u00f1os descubrir\u00e1n c\u00f3mo dar vida a sus ideas construyendo y programando divertidos proyectos. A trav\u00e9s de actividades pr\u00e1cticas y creativas, desarrollar\u00e1n habilidades de l\u00f3gica, trabajo en equipo y resoluci\u00f3n de problemas mientras se divierten aprendiendo tecnolog\u00eda.<\/span><\/p>\n","protected":false},"featured_media":2899,"comment_status":"open","ping_status":"closed","template":"","meta":{"_et_pb_use_builder":"","_et_pb_old_content":"","_et_gb_content_width":"","spay_email":""},"_links":{"self":[{"href":"https:\/\/elgaragehub.com\/cursos\/wp-json\/wp\/v2\/product\/1787"}],"collection":[{"href":"https:\/\/elgaragehub.com\/cursos\/wp-json\/wp\/v2\/product"}],"about":[{"href":"https:\/\/elgaragehub.com\/cursos\/wp-json\/wp\/v2\/types\/product"}],"replies":[{"embeddable":true,"href":"https:\/\/elgaragehub.com\/cursos\/wp-json\/wp\/v2\/comments?post=1787"}],"wp:featuredmedia":[{"embeddable":true,"href":"https:\/\/elgaragehub.com\/cursos\/wp-json\/wp\/v2\/media\/2899"}],"wp:attachment":[{"href":"https:\/\/elgaragehub.com\/cursos\/wp-json\/wp\/v2\/media?parent=1787"}],"curies":[{"name":"wp","href":"https:\/\/api.w.org\/{rel}","templated":true}]}}