{"id":1482,"date":"2021-09-09T20:21:36","date_gmt":"2021-09-09T20:21:36","guid":{"rendered":"https:\/\/elgaragehub.com\/cursos\/?post_type=product&#038;p=1482"},"modified":"2025-08-25T21:31:11","modified_gmt":"2025-08-25T21:31:11","slug":"xicalibots","status":"publish","type":"product","link":"https:\/\/elgaragehub.com\/cursos\/producto\/xicalibots\/","title":{"rendered":"Xicalibots Club de Rob\u00f3tica"},"content":{"rendered":"<div class=\"et-l et-l--post\">\n\t\t\t<div class=\"et_builder_inner_content et_pb_gutters3\">\n\t\t\n\t\t<\/div><!-- .et_builder_inner_content -->\n\t<\/div><!-- .et-l -->\n\t","protected":false},"excerpt":{"rendered":"<p><strong>Fecha de inicio:<\/strong><br \/>\n07 de agosto 2025<\/p>\n<p><strong>Horario:<\/strong><br \/>\njueves y viernes de 5:30pm a 7:30pm<\/p>\n<p><strong>Lugar:<\/strong><br \/>\nLAIIT &#8211; Laboratorio de Ingenier\u00eda Innovaci\u00f3n y Tecnolog\u00eda de Grupo educativo 16 de Septiembre<\/p>\n<p><strong>Ubicaci\u00f3n:<\/strong><br \/>\n<a href=\"https:\/\/maps.app.goo.gl\/hvjknZntXhRW5VgG9\">https:\/\/maps.app.goo.gl\/hvjknZntXhRW5VgG9<\/a><\/p>\n","protected":false},"featured_media":1883,"comment_status":"open","ping_status":"closed","template":"","meta":{"_et_pb_use_builder":"","_et_pb_old_content":"","_et_gb_content_width":"","spay_email":""},"_links":{"self":[{"href":"https:\/\/elgaragehub.com\/cursos\/wp-json\/wp\/v2\/product\/1482"}],"collection":[{"href":"https:\/\/elgaragehub.com\/cursos\/wp-json\/wp\/v2\/product"}],"about":[{"href":"https:\/\/elgaragehub.com\/cursos\/wp-json\/wp\/v2\/types\/product"}],"replies":[{"embeddable":true,"href":"https:\/\/elgaragehub.com\/cursos\/wp-json\/wp\/v2\/comments?post=1482"}],"wp:featuredmedia":[{"embeddable":true,"href":"https:\/\/elgaragehub.com\/cursos\/wp-json\/wp\/v2\/media\/1883"}],"wp:attachment":[{"href":"https:\/\/elgaragehub.com\/cursos\/wp-json\/wp\/v2\/media?parent=1482"}],"curies":[{"name":"wp","href":"https:\/\/api.w.org\/{rel}","templated":true}]}}